{"id":36360,"date":"2025-04-28T08:37:44","date_gmt":"2025-04-28T01:37:44","guid":{"rendered":"https:\/\/vietnamgroove.com.vn\/?page_id=36360"},"modified":"2025-05-22T13:15:00","modified_gmt":"2025-05-22T06:15:00","slug":"thanks-vinhomes-origami","status":"publish","type":"page","link":"https:\/\/vietnamgroove.com.vn\/ja\/thanks-vinhomes-origami\/","title":{"rendered":"C\u1ea3m \u01a1n \u0111\u0103ng k\u00fd Vinhomes Origami"},"content":{"rendered":"\n\n\t<section class=\"section\" id=\"section_1585024018\">\n\t\t<div class=\"section-bg fill\" >\n\t\t\t\t\t\t\t\t\t\n\t\t\t\n\n\t\t<\/div>\n\n\t\t\n\n\t\t<div class=\"section-content relative\">\n\t\t\t\n\n<div class=\"row align-center\"  id=\"row-575810097\">\n\n\n\t<div id=\"col-1679133387\" class=\"col small-12 large-12\"  >\n\t\t\t\t<div class=\"col-inner text-center\"  >\n\t\t\t\n\t\t\t\n\n\t<div id=\"text-2137508232\" class=\"text\">\n\t\t\n\n<p>\u304a\u5ba2\u69d8\u306e\u60c5\u5831\u767b\u9332\u304c\u5b8c\u4e86\u3057\u307e\u3057\u305f\u3002<br \/>\n\u304a\u5ba2\u69d8\u3088\u308a\u3054\u63d0\u4f9b\u3044\u305f\u3060\u3044\u305f\u60c5\u5831\u306b\u57fa\u3065\u304d\u3001\u5f0a\u793e\u3088\u308a\u5f8c\u307b\u3069\u3054\u9023\u7d61\u3055\u305b\u3066\u3044\u305f\u3060\u304d\u307e\u3059\u3002<\/p>\n\t\t\n<style>\n#text-2137508232 {\n  font-size: 1.65rem;\n  text-align: center;\n  color: rgb(255,255,255);\n}\n#text-2137508232 > * {\n  color: rgb(255,255,255);\n}\n@media (min-width:550px) {\n  #text-2137508232 {\n    font-size: 1.8rem;\n  }\n}\n<\/style>\n\t<\/div>\n\t\n<a href=\"https:\/\/vietnamgroove.com.vn\/ja\/vinhomes-origami\" class=\"button primary\"  style=\"border-radius:99px;\">\n\t\t<span>\u524d\u306e\u30da\u30fc\u30b8\u306b\u623b\u308b<\/span>\n\t<\/a>\n\n\n\n\t\t<\/div>\n\t\t\t\t\t<\/div>\n\n\t\n\n<\/div>\n\n\t\t<\/div>\n\n\t\t\n<style>\n#section_1585024018 {\n  padding-top: 30px;\n  padding-bottom: 30px;\n  min-height: 500px;\n  background-color: rgba(182, 32, 45, 0.448);\n}\n<\/style>\n\t<\/section>\n\t\n\n","protected":false},"excerpt":{"rendered":"","protected":false},"author":1,"featured_media":0,"parent":0,"menu_order":0,"comment_status":"closed","ping_status":"closed","template":"","meta":{"footnotes":""},"folder":[],"class_list":["post-36360","page","type-page","status-publish","hentry"],"yoast_head":"<!-- This site is optimized with the Yoast SEO plugin v24.4 - https:\/\/yoast.com\/wordpress\/plugins\/seo\/ -->\n<title>C\u1ea3m \u01a1n \u0111\u0103ng k\u00fd Vinhomes Origami - Vietnam Groove<\/title>\n<meta name=\"robots\" content=\"index, follow, max-snippet:-1, max-image-preview:large, max-video-preview:-1\" \/>\n<link rel=\"canonical\" href=\"https:\/\/vietnamgroove.com.vn\/ja\/thanks-vinhomes-origami\/\" \/>\n<meta property=\"og:locale\" content=\"ja_JP\" \/>\n<meta property=\"og:type\" content=\"article\" \/>\n<meta property=\"og:title\" content=\"C\u1ea3m \u01a1n \u0111\u0103ng k\u00fd Vinhomes Origami - Vietnam Groove\" \/>\n<meta property=\"og:url\" content=\"https:\/\/vietnamgroove.com.vn\/ja\/thanks-vinhomes-origami\/\" \/>\n<meta property=\"og:site_name\" content=\"Vietnam Groove\" \/>\n<meta property=\"article:publisher\" content=\"https:\/\/www.facebook.com\/profile.php?id=61563394333897\" \/>\n<meta property=\"article:modified_time\" content=\"2025-05-22T06:15:00+00:00\" \/>\n<meta property=\"og:image\" content=\"https:\/\/vietnamgroove.com.vn\/wp-content\/uploads\/2024\/11\/vietnamgroove.jpg\" \/>\n\t<meta property=\"og:image:width\" content=\"1200\" \/>\n\t<meta property=\"og:image:height\" content=\"628\" \/>\n\t<meta property=\"og:image:type\" content=\"image\/jpeg\" \/>\n<meta name=\"twitter:card\" content=\"summary_large_image\" \/>\n<meta name=\"twitter:site\" content=\"@vietnamgroove\" \/>\n<script type=\"application\/ld+json\" class=\"yoast-schema-graph\">{\"@context\":\"https:\/\/schema.org\",\"@graph\":[{\"@type\":\"WebPage\",\"@id\":\"https:\/\/vietnamgroove.com.vn\/ja\/thanks-vinhomes-origami\/\",\"url\":\"https:\/\/vietnamgroove.com.vn\/ja\/thanks-vinhomes-origami\/\",\"name\":\"C\u1ea3m \u01a1n \u0111\u0103ng k\u00fd Vinhomes Origami - Vietnam Groove\",\"isPartOf\":{\"@id\":\"https:\/\/vietnamgroove.com.vn\/ja\/#website\"},\"datePublished\":\"2025-04-28T01:37:44+00:00\",\"dateModified\":\"2025-05-22T06:15:00+00:00\",\"breadcrumb\":{\"@id\":\"https:\/\/vietnamgroove.com.vn\/ja\/thanks-vinhomes-origami\/#breadcrumb\"},\"inLanguage\":\"ja\",\"potentialAction\":[{\"@type\":\"ReadAction\",\"target\":[\"https:\/\/vietnamgroove.com.vn\/ja\/thanks-vinhomes-origami\/\"]}]},{\"@type\":\"BreadcrumbList\",\"@id\":\"https:\/\/vietnamgroove.com.vn\/ja\/thanks-vinhomes-origami\/#breadcrumb\",\"itemListElement\":[{\"@type\":\"ListItem\",\"position\":1,\"name\":\"Trang ch\u1ee7\",\"item\":\"https:\/\/vietnamgroove.com.vn\/ja\/\"},{\"@type\":\"ListItem\",\"position\":2,\"name\":\"C\u1ea3m \u01a1n \u0111\u0103ng k\u00fd Vinhomes Origami\"}]},{\"@type\":\"WebSite\",\"@id\":\"https:\/\/vietnamgroove.com.vn\/ja\/#website\",\"url\":\"https:\/\/vietnamgroove.com.vn\/ja\/\",\"name\":\"Vietnam Groove\",\"description\":\"Vietnam Groove\",\"publisher\":{\"@id\":\"https:\/\/vietnamgroove.com.vn\/ja\/#organization\"},\"alternateName\":\"Vietnamgroove\",\"potentialAction\":[{\"@type\":\"SearchAction\",\"target\":{\"@type\":\"EntryPoint\",\"urlTemplate\":\"https:\/\/vietnamgroove.com.vn\/ja\/?s={search_term_string}\"},\"query-input\":{\"@type\":\"PropertyValueSpecification\",\"valueRequired\":true,\"valueName\":\"search_term_string\"}}],\"inLanguage\":\"ja\"},{\"@type\":\"Organization\",\"@id\":\"https:\/\/vietnamgroove.com.vn\/ja\/#organization\",\"name\":\"Vietnam Groove\",\"alternateName\":\"Vietnamgroove\",\"url\":\"https:\/\/vietnamgroove.com.vn\/ja\/\",\"logo\":{\"@type\":\"ImageObject\",\"inLanguage\":\"ja\",\"@id\":\"https:\/\/vietnamgroove.com.vn\/ja\/#\/schema\/logo\/image\/\",\"url\":\"https:\/\/vietnamgroove.com.vn\/wp-content\/uploads\/2024\/10\/Logo-Vietnamgroove-1400x385-1.webp\",\"contentUrl\":\"https:\/\/vietnamgroove.com.vn\/wp-content\/uploads\/2024\/10\/Logo-Vietnamgroove-1400x385-1.webp\",\"width\":1400,\"height\":385,\"caption\":\"Vietnam Groove\"},\"image\":{\"@id\":\"https:\/\/vietnamgroove.com.vn\/ja\/#\/schema\/logo\/image\/\"},\"sameAs\":[\"https:\/\/www.facebook.com\/profile.php?id=61563394333897\",\"https:\/\/x.com\/vietnamgroove\",\"https:\/\/www.instagram.com\/vietnamgroove_official\/\",\"https:\/\/www.tiktok.com\/@vietnamgroove\",\"https:\/\/www.youtube.com\/@VietnamGroove\"]}]}<\/script>\n<!-- \/ Yoast SEO plugin. -->","yoast_head_json":{"title":"C\u1ea3m \u01a1n \u0111\u0103ng k\u00fd Vinhomes Origami - Vietnam Groove","robots":{"index":"index","follow":"follow","max-snippet":"max-snippet:-1","max-image-preview":"max-image-preview:large","max-video-preview":"max-video-preview:-1"},"canonical":"https:\/\/vietnamgroove.com.vn\/ja\/thanks-vinhomes-origami\/","og_locale":"ja_JP","og_type":"article","og_title":"C\u1ea3m \u01a1n \u0111\u0103ng k\u00fd Vinhomes Origami - Vietnam Groove","og_url":"https:\/\/vietnamgroove.com.vn\/ja\/thanks-vinhomes-origami\/","og_site_name":"Vietnam Groove","article_publisher":"https:\/\/www.facebook.com\/profile.php?id=61563394333897","article_modified_time":"2025-05-22T06:15:00+00:00","og_image":[{"width":1200,"height":628,"url":"https:\/\/vietnamgroove.com.vn\/wp-content\/uploads\/2024\/11\/vietnamgroove.jpg","type":"image\/jpeg"}],"twitter_card":"summary_large_image","twitter_site":"@vietnamgroove","schema":{"@context":"https:\/\/schema.org","@graph":[{"@type":"WebPage","@id":"https:\/\/vietnamgroove.com.vn\/ja\/thanks-vinhomes-origami\/","url":"https:\/\/vietnamgroove.com.vn\/ja\/thanks-vinhomes-origami\/","name":"C\u1ea3m \u01a1n \u0111\u0103ng k\u00fd Vinhomes Origami - Vietnam Groove","isPartOf":{"@id":"https:\/\/vietnamgroove.com.vn\/ja\/#website"},"datePublished":"2025-04-28T01:37:44+00:00","dateModified":"2025-05-22T06:15:00+00:00","breadcrumb":{"@id":"https:\/\/vietnamgroove.com.vn\/ja\/thanks-vinhomes-origami\/#breadcrumb"},"inLanguage":"ja","potentialAction":[{"@type":"ReadAction","target":["https:\/\/vietnamgroove.com.vn\/ja\/thanks-vinhomes-origami\/"]}]},{"@type":"BreadcrumbList","@id":"https:\/\/vietnamgroove.com.vn\/ja\/thanks-vinhomes-origami\/#breadcrumb","itemListElement":[{"@type":"ListItem","position":1,"name":"Trang ch\u1ee7","item":"https:\/\/vietnamgroove.com.vn\/ja\/"},{"@type":"ListItem","position":2,"name":"C\u1ea3m \u01a1n \u0111\u0103ng k\u00fd Vinhomes Origami"}]},{"@type":"WebSite","@id":"https:\/\/vietnamgroove.com.vn\/ja\/#website","url":"https:\/\/vietnamgroove.com.vn\/ja\/","name":"Vietnam Groove","description":"Vietnam Groove","publisher":{"@id":"https:\/\/vietnamgroove.com.vn\/ja\/#organization"},"alternateName":"Vietnamgroove","potentialAction":[{"@type":"SearchAction","target":{"@type":"EntryPoint","urlTemplate":"https:\/\/vietnamgroove.com.vn\/ja\/?s={search_term_string}"},"query-input":{"@type":"PropertyValueSpecification","valueRequired":true,"valueName":"search_term_string"}}],"inLanguage":"ja"},{"@type":"Organization","@id":"https:\/\/vietnamgroove.com.vn\/ja\/#organization","name":"Vietnam Groove","alternateName":"Vietnamgroove","url":"https:\/\/vietnamgroove.com.vn\/ja\/","logo":{"@type":"ImageObject","inLanguage":"ja","@id":"https:\/\/vietnamgroove.com.vn\/ja\/#\/schema\/logo\/image\/","url":"https:\/\/vietnamgroove.com.vn\/wp-content\/uploads\/2024\/10\/Logo-Vietnamgroove-1400x385-1.webp","contentUrl":"https:\/\/vietnamgroove.com.vn\/wp-content\/uploads\/2024\/10\/Logo-Vietnamgroove-1400x385-1.webp","width":1400,"height":385,"caption":"Vietnam Groove"},"image":{"@id":"https:\/\/vietnamgroove.com.vn\/ja\/#\/schema\/logo\/image\/"},"sameAs":["https:\/\/www.facebook.com\/profile.php?id=61563394333897","https:\/\/x.com\/vietnamgroove","https:\/\/www.instagram.com\/vietnamgroove_official\/","https:\/\/www.tiktok.com\/@vietnamgroove","https:\/\/www.youtube.com\/@VietnamGroove"]}]}},"_links":{"self":[{"href":"https:\/\/vietnamgroove.com.vn\/ja\/wp-json\/wp\/v2\/pages\/36360","targetHints":{"allow":["GET"]}}],"collection":[{"href":"https:\/\/vietnamgroove.com.vn\/ja\/wp-json\/wp\/v2\/pages"}],"about":[{"href":"https:\/\/vietnamgroove.com.vn\/ja\/wp-json\/wp\/v2\/types\/page"}],"author":[{"embeddable":true,"href":"https:\/\/vietnamgroove.com.vn\/ja\/wp-json\/wp\/v2\/users\/1"}],"replies":[{"embeddable":true,"href":"https:\/\/vietnamgroove.com.vn\/ja\/wp-json\/wp\/v2\/comments?post=36360"}],"version-history":[{"count":4,"href":"https:\/\/vietnamgroove.com.vn\/ja\/wp-json\/wp\/v2\/pages\/36360\/revisions"}],"predecessor-version":[{"id":37444,"href":"https:\/\/vietnamgroove.com.vn\/ja\/wp-json\/wp\/v2\/pages\/36360\/revisions\/37444"}],"wp:attachment":[{"href":"https:\/\/vietnamgroove.com.vn\/ja\/wp-json\/wp\/v2\/media?parent=36360"}],"wp:term":[{"taxonomy":"folder","embeddable":true,"href":"https:\/\/vietnamgroove.com.vn\/ja\/wp-json\/wp\/v2\/folder?post=36360"}],"curies":[{"name":"wp","href":"https:\/\/api.w.org\/{rel}","templated":true}]}}